{"id":4132,"date":"2022-09-19T17:15:21","date_gmt":"2022-09-19T22:15:21","guid":{"rendered":"https:\/\/www.haciendalagloria.com\/portal\/?page_id=4132"},"modified":"2022-09-19T17:22:14","modified_gmt":"2022-09-19T22:22:14","slug":"responsabilidad-con-el-medio-ambiente","status":"publish","type":"page","link":"https:\/\/www.haciendalagloria.com\/portal\/responsabilidad-con-el-medio-ambiente\/","title":{"rendered":"Responsabilidad con el medio ambiente\u200b"},"content":{"rendered":"\t\t<div data-elementor-type=\"wp-page\" data-elementor-id=\"4132\" class=\"elementor elementor-4132\">\n\t\t\t\t\t\t<section class=\"elementor-section elementor-top-section elementor-element elementor-element-570c68ff elementor-section-height-min-height elementor-section-boxed elementor-section-height-default elementor-section-items-middle wpr-particle-no wpr-jarallax-no wpr-parallax-no wpr-sticky-section-no\" data-id=\"570c68ff\" data-element_type=\"section\" data-settings=\"{&quot;background_background&quot;:&quot;classic&quot;}\">\n\t\t\t\t\t\t<div class=\"elementor-container elementor-column-gap-default\">\n\t\t\t\t\t<div class=\"elementor-column elementor-col-100 elementor-top-column elementor-element elementor-element-2a1290a8\" data-id=\"2a1290a8\" data-element_type=\"column\">\n\t\t\t<div class=\"elementor-widget-wrap\">\n\t\t\t\t\t\t\t<\/div>\n\t\t<\/div>\n\t\t\t\t\t<\/div>\n\t\t<\/section>\n\t\t\t\t<section class=\"elementor-section elementor-top-section elementor-element elementor-element-7c0aa1f9 elementor-section-boxed elementor-section-height-default elementor-section-height-default wpr-particle-no wpr-jarallax-no wpr-parallax-no wpr-sticky-section-no\" data-id=\"7c0aa1f9\" data-element_type=\"section\">\n\t\t\t\t\t\t<div class=\"elementor-container elementor-column-gap-default\">\n\t\t\t\t\t<div class=\"elementor-column elementor-col-100 elementor-top-column elementor-element elementor-element-5d49f240\" data-id=\"5d49f240\" data-element_type=\"column\">\n\t\t\t<div class=\"elementor-widget-wrap elementor-element-populated\">\n\t\t\t\t\t\t<div class=\"elementor-element elementor-element-30a089c1 elementor-widget elementor-widget-heading\" data-id=\"30a089c1\" data-element_type=\"widget\" data-widget_type=\"heading.default\">\n\t\t\t\t<div class=\"elementor-widget-container\">\n\t\t\t\t\t<h2 class=\"elementor-heading-title elementor-size-default\">Responsabilidad con el medio ambiente<\/h2>\t\t\t\t<\/div>\n\t\t\t\t<\/div>\n\t\t\t\t<div class=\"elementor-element elementor-element-65d0799b elementor-widget elementor-widget-text-editor\" data-id=\"65d0799b\" data-element_type=\"widget\" data-widget_type=\"text-editor.default\">\n\t\t\t\t<div class=\"elementor-widget-container\">\n\t\t\t\t\t\t\t\t\t<p>La tierra es nuestra fuente de recursos, por esto nos esmeramos en ser cuidadosos y responsables con el medio ambiente. En el Grupo Agroindustrial Hacienda la Gloria cumplimos estrictamente con la normativa ambiental de las corporaciones de los departamentos del Cesar y de Bol\u00edvar. Contamos con todas las licencias ambientales para todos los procesos. Adem\u00e1s, nuestro proceso de extracci\u00f3n y compostaje usa tecnolog\u00edas limpias CERO EMISIONES, que se traduce en la no generaci\u00f3n de residuos s\u00f3lidos, l\u00edquidos ni gaseosos, contribuyendo as\u00ed con las exigencias establecidas en el protocolo de Kyoto.<\/p>\t\t\t\t\t\t\t\t<\/div>\n\t\t\t\t<\/div>\n\t\t\t\t\t<\/div>\n\t\t<\/div>\n\t\t\t\t\t<\/div>\n\t\t<\/section>\n\t\t\t\t<section class=\"elementor-section elementor-top-section elementor-element elementor-element-2b19e96 elementor-section-boxed elementor-section-height-default elementor-section-height-default wpr-particle-no wpr-jarallax-no wpr-parallax-no wpr-sticky-section-no\" data-id=\"2b19e96\" data-element_type=\"section\">\n\t\t\t\t\t\t<div class=\"elementor-container elementor-column-gap-default\">\n\t\t\t\t\t<div class=\"elementor-column elementor-col-100 elementor-top-column elementor-element elementor-element-dc43c36\" data-id=\"dc43c36\" data-element_type=\"column\">\n\t\t\t<div class=\"elementor-widget-wrap elementor-element-populated\">\n\t\t\t\t\t\t<div class=\"elementor-element elementor-element-4c26cb5 elementor-widget elementor-widget-spacer\" data-id=\"4c26cb5\" data-element_type=\"widget\" data-widget_type=\"spacer.default\">\n\t\t\t\t<div class=\"elementor-widget-container\">\n\t\t\t\t\t\t\t<div class=\"elementor-spacer\">\n\t\t\t<div class=\"elementor-spacer-inner\"><\/div>\n\t\t<\/div>\n\t\t\t\t\t\t<\/div>\n\t\t\t\t<\/div>\n\t\t\t\t\t<\/div>\n\t\t<\/div>\n\t\t\t\t\t<\/div>\n\t\t<\/section>\n\t\t\t\t<\/div>\n\t\t","protected":false},"excerpt":{"rendered":"<p>Responsabilidad con el medio ambiente La tierra es nuestra fuente de recursos, por esto nos esmeramos en ser cuidadosos y responsables con el medio ambiente. En el Grupo Agroindustrial Hacienda la Gloria cumplimos estrictamente con la normativa ambiental de las corporaciones de los departamentos del Cesar y de Bol\u00edvar. Contamos con todas las licencias ambientales para todos los procesos. Adem\u00e1s, nuestro proceso de extracci\u00f3n y compostaje usa tecnolog\u00edas limpias CERO EMISIONES, que se traduce en la no generaci\u00f3n de residuos s\u00f3lidos, l\u00edquidos ni gaseosos, contribuyendo as\u00ed con las exigencias establecidas en el protocolo de Kyoto.<\/p>\n","protected":false},"author":4,"featured_media":0,"parent":0,"menu_order":0,"comment_status":"closed","ping_status":"closed","template":"elementor_canvas","meta":{"footnotes":""},"class_list":["post-4132","page","type-page","status-publish","hentry"],"_links":{"self":[{"href":"https:\/\/www.haciendalagloria.com\/portal\/wp-json\/wp\/v2\/pages\/4132"}],"collection":[{"href":"https:\/\/www.haciendalagloria.com\/portal\/wp-json\/wp\/v2\/pages"}],"about":[{"href":"https:\/\/www.haciendalagloria.com\/portal\/wp-json\/wp\/v2\/types\/page"}],"author":[{"embeddable":true,"href":"https:\/\/www.haciendalagloria.com\/portal\/wp-json\/wp\/v2\/users\/4"}],"replies":[{"embeddable":true,"href":"https:\/\/www.haciendalagloria.com\/portal\/wp-json\/wp\/v2\/comments?post=4132"}],"version-history":[{"count":13,"href":"https:\/\/www.haciendalagloria.com\/portal\/wp-json\/wp\/v2\/pages\/4132\/revisions"}],"predecessor-version":[{"id":4168,"href":"https:\/\/www.haciendalagloria.com\/portal\/wp-json\/wp\/v2\/pages\/4132\/revisions\/4168"}],"wp:attachment":[{"href":"https:\/\/www.haciendalagloria.com\/portal\/wp-json\/wp\/v2\/media?parent=4132"}],"curies":[{"name":"wp","href":"https:\/\/api.w.org\/{rel}","templated":true}]}}